{"id":27218,"date":"2022-12-26T08:10:03","date_gmt":"2022-12-26T13:10:03","guid":{"rendered":"http:\/\/neocompute.com\/wordpress-administration-and-support-service\/"},"modified":"2023-08-04T15:40:13","modified_gmt":"2023-08-04T20:40:13","slug":"wordpress-administration-and-support-service","status":"publish","type":"page","link":"https:\/\/neocompute.com\/en\/wordpress-administration-and-support-service\/","title":{"rendered":"WordPress administration and support service"},"content":{"rendered":"<p>[et_pb_section fb_built=&#8221;1&#8243; custom_padding_last_edited=&#8221;on|phone&#8221; admin_label=&#8221;Section&#8221; _builder_version=&#8221;4.19.4&#8243; _module_preset=&#8221;default&#8221; background_color=&#8221;#f7f2e6&#8243; use_background_color_gradient=&#8221;on&#8221; background_color_gradient_stops=&#8221;#f2f2f9 2%|#f7f2e6 100%&#8221; background_enable_video_mp4=&#8221;off&#8221; custom_padding=&#8221;4vh||0px||false|false&#8221; custom_padding_tablet=&#8221;4vh||0px||false|false&#8221; custom_padding_phone=&#8221;60px||120px||false|false&#8221; bottom_divider_style=&#8221;wave2&#8243; bottom_divider_color=&#8221;#FFFFFF&#8221; bottom_divider_height=&#8221;14vw&#8221; bottom_divider_repeat=&#8221;1x&#8221; da_disable_devices=&#8221;off|off|off&#8221; global_colors_info=&#8221;{}&#8221; da_is_popup=&#8221;off&#8221; da_exit_intent=&#8221;off&#8221; da_has_close=&#8221;on&#8221; da_alt_close=&#8221;off&#8221; da_dark_close=&#8221;off&#8221; da_not_modal=&#8221;on&#8221; da_is_singular=&#8221;off&#8221; da_with_loader=&#8221;off&#8221; da_has_shadow=&#8221;on&#8221;][et_pb_row _builder_version=&#8221;4.19.4&#8243; _module_preset=&#8221;default&#8221; width_tablet=&#8221;&#8221; width_phone=&#8221;&#8221; width_last_edited=&#8221;on|phone&#8221; max_width=&#8221;100%&#8221; max_width_tablet=&#8221;100%&#8221; max_width_phone=&#8221;100%&#8221; max_width_last_edited=&#8221;on|phone&#8221; custom_padding=&#8221;0px||0px||true|false&#8221; global_colors_info=&#8221;{}&#8221;][et_pb_column type=&#8221;4_4&#8243; _builder_version=&#8221;4.19.4&#8243; _module_preset=&#8221;default&#8221; global_colors_info=&#8221;{}&#8221;][et_pb_image src=&#8221;http:\/\/neocompute.com\/wp-content\/uploads\/2023\/01\/Administracion-WordPress.png&#8221; title_text=&#8221;WordPress Administration&#8221; show_bottom_space=&#8221;off&#8221; align=&#8221;center&#8221; _builder_version=&#8221;4.19.4&#8243; _module_preset=&#8221;default&#8221; custom_margin=&#8221;||||false|false&#8221; custom_margin_tablet=&#8221;||||false|false&#8221; custom_margin_phone=&#8221;||20px||false|false&#8221; custom_margin_last_edited=&#8221;on|phone&#8221; global_colors_info=&#8221;{}&#8221;][\/et_pb_image][et_pb_text _builder_version=&#8221;4.19.4&#8243; _module_preset=&#8221;default&#8221; text_font=&#8221;|300|||||||&#8221; text_font_size=&#8221;20px&#8221; header_3_font=&#8221;|700|||||||&#8221; header_3_text_align=&#8221;center&#8221; header_3_font_size=&#8221;4.5vw&#8221; header_3_line_height=&#8221;1.1em&#8221; text_orientation=&#8221;center&#8221; module_alignment=&#8221;center&#8221; custom_margin=&#8221;||15px||false|false&#8221; global_colors_info=&#8221;{}&#8221;]<\/p>\n<h1>WordPress administration and support service<\/h1>\n<p>Security, backups, updates, monitoring, advanced optimizations, statistics and more.<\/p>\n<p>[\/et_pb_text][et_pb_text _builder_version=&#8221;4.19.4&#8243; _module_preset=&#8221;default&#8221; global_colors_info=&#8221;{}&#8221;][\/et_pb_text][\/et_pb_column][\/et_pb_row][et_pb_row column_structure=&#8221;1_2,1_2&#8243; use_custom_gutter=&#8221;on&#8221; gutter_width=&#8221;2&#8243; make_equal=&#8221;on&#8221; _builder_version=&#8221;4.19.4&#8243; _module_preset=&#8221;default&#8221; width=&#8221;900px&#8221; width_tablet=&#8221;900px&#8221; width_phone=&#8221;80%&#8221; width_last_edited=&#8221;on|phone&#8221; global_colors_info=&#8221;{}&#8221;][et_pb_column type=&#8221;1_2&#8243; _builder_version=&#8221;4.19.4&#8243; _module_preset=&#8221;default&#8221; background_color=&#8221;#F8BB00&#8243; custom_padding=&#8221;25px|50px|25px|50px|true|true&#8221; custom_padding_tablet=&#8221;25px|50px|25px|50px|true|true&#8221; custom_padding_phone=&#8221;25px|20px|25px|20px|true|true&#8221; custom_padding_last_edited=&#8221;on|phone&#8221; border_radii=&#8221;on|10px|10px|10px|10px&#8221; box_shadow_style=&#8221;preset3&#8243; box_shadow_horizontal=&#8221;-80px&#8221; box_shadow_vertical=&#8221;80px&#8221; box_shadow_blur=&#8221;150px&#8221; box_shadow_spread=&#8221;-80px&#8221; box_shadow_color=&#8221;rgba(49,12,201,0.33)&#8221; global_colors_info=&#8221;{}&#8221;][et_pb_text _builder_version=&#8221;4.19.4&#8243; _module_preset=&#8221;default&#8221; text_font=&#8221;|300|||||||&#8221; text_line_height=&#8221;1.3em&#8221; header_3_font=&#8221;|700||||||#ffffff|&#8221; header_3_text_align=&#8221;center&#8221; text_orientation=&#8221;center&#8221; width=&#8221;100%&#8221; module_alignment=&#8221;center&#8221; custom_margin=&#8221;||20px||false|false&#8221; custom_padding=&#8221;||||false|false&#8221; border_width_bottom=&#8221;1px&#8221; global_colors_info=&#8221;{}&#8221;]<\/p>\n<h3>For your customers<\/h3>\n<p>[\/et_pb_text][et_pb_text _builder_version=&#8221;4.19.4&#8243; _module_preset=&#8221;default&#8221; text_font=&#8221;|300|||||||&#8221; text_line_height=&#8221;1.3em&#8221; header_3_font=&#8221;|700||||||#ffffff|&#8221; header_3_font_size=&#8221;30px&#8221; text_orientation=&#8221;center&#8221; width=&#8221;100%&#8221; module_alignment=&#8221;center&#8221; custom_margin=&#8221;||20px||false|false&#8221; global_colors_info=&#8221;{}&#8221;]<\/p>\n<p><strong>Agencies and freelancers.<\/strong><\/p>\n<p>Offer a premium service to your entire customer base without worrying about managing a technical team or performing support tasks.<\/p>\n<p>[\/et_pb_text][et_pb_button button_url=&#8221;@ET-DC@eyJkeW5hbWljIjp0cnVlLCJjb250ZW50IjoicG9zdF9saW5rX3VybF9wYWdlIiwic2V0dGluZ3MiOnsicG9zdF9pZCI6IjE1ODkifX0=@&#8221; button_text=&#8221;Private label options&#8221; button_alignment=&#8221;center&#8221; disabled_on=&#8221;off|off|on&#8221; _builder_version=&#8221;4.19.4&#8243; _dynamic_attributes=&#8221;button_url&#8221; _module_preset=&#8221;default&#8221; custom_margin=&#8221;||||false|false&#8221; global_colors_info=&#8221;{}&#8221;][\/et_pb_button][\/et_pb_column][et_pb_column type=&#8221;1_2&#8243; _builder_version=&#8221;4.19.4&#8243; _module_preset=&#8221;default&#8221; background_color=&#8221;#F8BB00&#8243; custom_padding=&#8221;25px|50px|35px|50px|false|true&#8221; custom_padding_tablet=&#8221;25px|50px|35px|50px|false|true&#8221; custom_padding_phone=&#8221;25px|20px|35px|20px|false|true&#8221; custom_padding_last_edited=&#8221;on|phone&#8221; border_radii=&#8221;on|10px|10px|10px|10px&#8221; box_shadow_style=&#8221;preset3&#8243; box_shadow_horizontal=&#8221;80px&#8221; box_shadow_vertical=&#8221;80px&#8221; box_shadow_blur=&#8221;150px&#8221; box_shadow_spread=&#8221;-80px&#8221; box_shadow_color=&#8221;rgba(49,12,201,0.45)&#8221; global_colors_info=&#8221;{}&#8221;][et_pb_text _builder_version=&#8221;4.19.4&#8243; _module_preset=&#8221;default&#8221; text_font=&#8221;|300|||||||&#8221; text_line_height=&#8221;1.3em&#8221; header_3_font=&#8221;|700||||||#ffffff|&#8221; header_3_text_align=&#8221;center&#8221; text_orientation=&#8221;center&#8221; width=&#8221;100%&#8221; module_alignment=&#8221;center&#8221; custom_margin=&#8221;||20px||false|false&#8221; custom_padding=&#8221;||||false|false&#8221; border_width_bottom=&#8221;1px&#8221; global_colors_info=&#8221;{}&#8221;]<\/p>\n<h3>For you<\/h3>\n<p>[\/et_pb_text][et_pb_text _builder_version=&#8221;4.19.4&#8243; _module_preset=&#8221;default&#8221; text_font=&#8221;|300|||||||&#8221; text_line_height=&#8221;1.3em&#8221; header_3_font=&#8221;|700||||||#FFFFFF|&#8221; header_3_font_size=&#8221;30px&#8221; text_orientation=&#8221;center&#8221; width=&#8221;100%&#8221; module_alignment=&#8221;center&#8221; custom_margin=&#8221;||20px||false|false&#8221; global_colors_info=&#8221;{}&#8221;]<\/p>\n<p><strong>Small, medium and large companies, enterprises or startups.<\/strong><\/p>\n<p>Partner with a team of WordPress specialists to fully manage all aspects of your website for a small monthly fee.<\/p>\n<p>[\/et_pb_text][et_pb_button button_url=&#8221;@ET-DC@eyJkeW5hbWljIjp0cnVlLCJjb250ZW50IjoicG9zdF9saW5rX3VybF9wYWdlIiwic2V0dGluZ3MiOnsicG9zdF9pZCI6IjE2MjEifX0=@&#8221; button_text=&#8221;More information&#8221; button_alignment=&#8221;center&#8221; disabled_on=&#8221;off|off|on&#8221; _builder_version=&#8221;4.19.4&#8243; _dynamic_attributes=&#8221;button_url&#8221; _module_preset=&#8221;default&#8221; custom_margin=&#8221;||||false|false&#8221; global_colors_info=&#8221;{}&#8221;][\/et_pb_button][\/et_pb_column][\/et_pb_row][et_pb_row column_structure=&#8221;1_2,1_2&#8243; use_custom_gutter=&#8221;on&#8221; gutter_width=&#8221;2&#8243; disabled_on=&#8221;on|on|off&#8221; _builder_version=&#8221;4.19.4&#8243; _module_preset=&#8221;default&#8221; transform_translate=&#8221;0px|-60px&#8221; transform_translate_linked=&#8221;off&#8221; width=&#8221;900px&#8221; width_tablet=&#8221;900px&#8221; width_phone=&#8221;80%&#8221; width_last_edited=&#8221;on|phone&#8221; custom_margin=&#8221;0px||0px||true|false&#8221; custom_padding=&#8221;0px||0px||true|false&#8221; global_colors_info=&#8221;{}&#8221;][et_pb_column type=&#8221;1_2&#8243; _builder_version=&#8221;4.19.4&#8243; _module_preset=&#8221;default&#8221; global_colors_info=&#8221;{}&#8221;][et_pb_button button_url=&#8221;@ET-DC@eyJkeW5hbWljIjp0cnVlLCJjb250ZW50IjoicG9zdF9saW5rX3VybF9wYWdlIiwic2V0dGluZ3MiOnsicG9zdF9pZCI6IjE1ODkifX0=@&#8221; button_text=&#8221;Private label options&#8221; button_alignment=&#8221;center&#8221; _builder_version=&#8221;4.19.4&#8243; _dynamic_attributes=&#8221;button_url&#8221; _module_preset=&#8221;default&#8221; custom_margin=&#8221;||||false|false&#8221; global_colors_info=&#8221;{}&#8221;][\/et_pb_button][\/et_pb_column][et_pb_column type=&#8221;1_2&#8243; _builder_version=&#8221;4.19.4&#8243; _module_preset=&#8221;default&#8221; global_colors_info=&#8221;{}&#8221;][et_pb_button button_url=&#8221;@ET-DC@eyJkeW5hbWljIjp0cnVlLCJjb250ZW50IjoicG9zdF9saW5rX3VybF9wYWdlIiwic2V0dGluZ3MiOnsicG9zdF9pZCI6IjE2MjEifX0=@&#8221; button_text=&#8221;More information&#8221; button_alignment=&#8221;center&#8221; _builder_version=&#8221;4.19.4&#8243; _dynamic_attributes=&#8221;button_url&#8221; _module_preset=&#8221;default&#8221; custom_margin=&#8221;||||false|false&#8221; global_colors_info=&#8221;{}&#8221;][\/et_pb_button][\/et_pb_column][\/et_pb_row][\/et_pb_section][et_pb_section fb_built=&#8221;1&#8243; admin_label=&#8221;Section&#8221; _builder_version=&#8221;4.19.4&#8243; _module_preset=&#8221;default&#8221; background_enable_color=&#8221;off&#8221; use_background_color_gradient=&#8221;on&#8221; background_color_gradient_stops=&#8221;#ffffff 2%|#f7f2e6 100%&#8221; custom_margin=&#8221;||||false|false&#8221; custom_padding=&#8221;0px||6vw||false|false&#8221; top_divider_height=&#8221;29vw&#8221; top_divider_flip=&#8221;vertical&#8221; bottom_divider_style=&#8221;wave2&#8243; bottom_divider_color=&#8221;#FFFFFF&#8221; bottom_divider_height=&#8221;20vw&#8221; bottom_divider_flip=&#8221;horizontal&#8221; da_disable_devices=&#8221;off|off|off&#8221; locked=&#8221;off&#8221; global_colors_info=&#8221;{}&#8221; da_is_popup=&#8221;off&#8221; da_exit_intent=&#8221;off&#8221; da_has_close=&#8221;on&#8221; da_alt_close=&#8221;off&#8221; da_dark_close=&#8221;off&#8221; da_not_modal=&#8221;on&#8221; da_is_singular=&#8221;off&#8221; da_with_loader=&#8221;off&#8221; da_has_shadow=&#8221;on&#8221;][et_pb_row column_structure=&#8221;1_2,1_2&#8243; use_custom_gutter=&#8221;on&#8221; gutter_width=&#8221;1&#8243; make_equal=&#8221;on&#8221; _builder_version=&#8221;4.19.4&#8243; _module_preset=&#8221;default&#8221; background_enable_color=&#8221;off&#8221; custom_margin=&#8221;||4vw||false|false&#8221; custom_padding=&#8221;3vw||3vw||true|false&#8221; border_radii=&#8221;on|10px|10px|10px|10px&#8221; box_shadow_style=&#8221;preset2&#8243; box_shadow_horizontal=&#8221;-80px&#8221; box_shadow_vertical=&#8221;80px&#8221; box_shadow_blur=&#8221;210px&#8221; box_shadow_spread=&#8221;-34px&#8221; box_shadow_color=&#8221;rgba(49,12,201,0.07)&#8221; global_colors_info=&#8221;{}&#8221;][et_pb_column type=&#8221;1_2&#8243; module_class=&#8221;vertical&#8221; _builder_version=&#8221;4.19.4&#8243; _module_preset=&#8221;default&#8221; background_enable_color=&#8221;off&#8221; custom_padding=&#8221;30px|50px|80px|50px|false|true&#8221; custom_padding_tablet=&#8221;30px|0px|80px|50px|false|false&#8221; custom_padding_phone=&#8221;30px|20px|80px|20px|false|true&#8221; custom_padding_last_edited=&#8221;on|phone&#8221; border_radii=&#8221;on|10px|10px|10px|10px&#8221; border_color_left=&#8221;#F8BB00&#8243; global_colors_info=&#8221;{}&#8221;][et_pb_divider color=&#8221;#F8BB00&#8243; divider_weight=&#8221;15px&#8221; _builder_version=&#8221;4.19.4&#8243; _module_preset=&#8221;default&#8221; positioning=&#8221;absolute&#8221; width=&#8221;15px&#8221; global_colors_info=&#8221;{}&#8221;][\/et_pb_divider][et_pb_text _builder_version=&#8221;4.20.2&#8243; _module_preset=&#8221;default&#8221; header_2_text_align=&#8221;left&#8221; hover_enabled=&#8221;0&#8243; global_colors_info=&#8221;{}&#8221; sticky_enabled=&#8221;0&#8243;]<\/p>\n<h2>We take care of everything<\/h2>\n<p>[\/et_pb_text][et_pb_text _builder_version=&#8221;4.19.4&#8243; _module_preset=&#8221;default&#8221; text_font=&#8221;|300|||||||&#8221; global_colors_info=&#8221;{}&#8221;]Our WordPress administration and support service is based on professional knowledge acquired from years of experience in the creation, optimization, implementation, repair and maintenance of websites and advanced solutions based on WordPress.[\/et_pb_text][\/et_pb_column][et_pb_column type=&#8221;1_2&#8243; _builder_version=&#8221;4.19.4&#8243; _module_preset=&#8221;default&#8221; background_enable_color=&#8221;off&#8221; border_color_left=&#8221;#F8BB00&#8243; global_colors_info=&#8221;{}&#8221;][et_pb_image src=&#8221;http:\/\/neocompute.com\/wp-content\/uploads\/2022\/12\/2.png&#8221; title_text=&#8221;WordPress administration and support service&#8221; force_fullwidth=&#8221;on&#8221; _builder_version=&#8221;4.19.4&#8243; _module_preset=&#8221;default&#8221; vertical_offset=&#8221;180px&#8221; horizontal_offset=&#8221;123px&#8221; z_index=&#8221;500&#8243; global_colors_info=&#8221;{}&#8221;][\/et_pb_image][\/et_pb_column][\/et_pb_row][et_pb_row column_structure=&#8221;1_2,1_2&#8243; use_custom_gutter=&#8221;on&#8221; gutter_width=&#8221;2&#8243; make_equal=&#8221;on&#8221; _builder_version=&#8221;4.19.4&#8243; _module_preset=&#8221;default&#8221; custom_padding=&#8221;||0px||false|false&#8221; locked=&#8221;off&#8221; global_colors_info=&#8221;{}&#8221;][et_pb_column type=&#8221;1_2&#8243; module_class=&#8221;vertical&#8221; _builder_version=&#8221;4.19.4&#8243; _module_preset=&#8221;default&#8221; global_colors_info=&#8221;{}&#8221;][et_pb_text _builder_version=&#8221;4.19.4&#8243; _module_preset=&#8221;default&#8221; text_font=&#8221;Poppins|700|||||||&#8221; text_font_size=&#8221;4vw&#8221; header_3_font=&#8221;|700|||||||&#8221; header_3_font_size=&#8221;4vw&#8221; header_3_line_height=&#8221;1.1em&#8221; custom_margin=&#8221;||0px||false|false&#8221; text_font_size_tablet=&#8221;4vw&#8221; text_font_size_phone=&#8221;30px&#8221; text_font_size_last_edited=&#8221;on|phone&#8221; global_colors_info=&#8221;{}&#8221;]<\/p>\n<p>Be the next one!<\/p>\n<p>[\/et_pb_text][et_pb_text _builder_version=&#8221;4.19.4&#8243; _module_preset=&#8221;default&#8221; text_font=&#8221;|300|||||||&#8221; header_3_font=&#8221;|700|||||||&#8221; header_3_font_size=&#8221;4vw&#8221; header_3_line_height=&#8221;1.1em&#8221; custom_margin=&#8221;||15px||false|false&#8221; global_colors_info=&#8221;{}&#8221;]<\/p>\n<p>More than 90 clients on 3 continents rely on our services.<\/p>\n<p>[\/et_pb_text][\/et_pb_column][et_pb_column type=&#8221;1_2&#8243; module_class=&#8221;vertical&#8221; _builder_version=&#8221;4.19.4&#8243; _module_preset=&#8221;default&#8221; border_radii=&#8221;on|10px|10px|10px|10px&#8221; box_shadow_style=&#8221;preset2&#8243; box_shadow_blur=&#8221;120px&#8221; box_shadow_spread=&#8221;-80px&#8221; box_shadow_color=&#8221;#310CC9&#8243; global_colors_info=&#8221;{}&#8221;][et_pb_slider use_bg_overlay=&#8221;off&#8221; use_text_overlay=&#8221;off&#8221; arrows_custom_color=&#8221;RGBA(255,255,255,0)&#8221; dot_nav_custom_color=&#8221;#310CC9&#8243; _builder_version=&#8221;4.19.4&#8243; _module_preset=&#8221;default&#8221; header_font=&#8221;Roboto|600|||||||&#8221; header_text_color=&#8221;#092082&#8243; header_font_size=&#8221;20px&#8221; body_font=&#8221;|300|||||||&#8221; body_text_color=&#8221;#000000&#8243; body_font_size=&#8221;17px&#8221; body_line_height=&#8221;1.5em&#8221; background_color=&#8221;#ffffff&#8221; text_orientation=&#8221;left&#8221; custom_padding=&#8221;50px|10px|50px|10px|true|true&#8221; custom_padding_tablet=&#8221;50px|10px|50px|10px|true|true&#8221; custom_padding_phone=&#8221;20px|10px|20px|10px|true|true&#8221; custom_padding_last_edited=&#8221;on|phone&#8221; auto=&#8221;on&#8221; auto_speed=&#8221;4000&#8243; header_text_shadow_style=&#8221;preset1&#8243; header_text_shadow_color=&#8221;RGBA(255,255,255,0)&#8221; body_text_shadow_style=&#8221;preset1&#8243; body_text_shadow_color=&#8221;RGBA(255,255,255,0)&#8221; global_colors_info=&#8221;{}&#8221;][et_pb_slide heading=&#8221;Good working team \u270c&#8221; _builder_version=&#8221;4.19.4&#8243; _module_preset=&#8221;default&#8221; global_colors_info=&#8221;{}&#8221; sticky_transition=&#8221;on&#8221;]<\/p>\n<p>We recently celebrated 2 years of collaboration with Xubium in various technology initiatives and we highlight the professionalism, commitment and level of service of all their staff, in addition to the various programs and tools they have. They have been instrumental in proposing and implementing innovative solutions and in the support they provide us continuously as a brand &#8211; undoubtedly great professionals. <\/p>\n<p><strong>Milo Vurbal Piaggio, CEO, Gen Digital<\/strong><\/p>\n<p>[\/et_pb_slide][et_pb_slide heading=&#8221;Awesome people \ud83e\udd1d&#8221; _builder_version=&#8221;4.19.4&#8243; _module_preset=&#8221;default&#8221; global_colors_info=&#8221;{}&#8221; sticky_transition=&#8221;on&#8221;]NeoCompute led the process of revisioning and rebuilding Ligmincha\u2019s website from start to finish. Every member of their team was attentive to our needs, highly skilled and professional. <\/p>\n<p><strong>Rob Patzig, President, Ligmincha Internationall<\/strong>[\/et_pb_slide][et_pb_slide heading=&#8221;Siempre atentos \ud83e\uddd0&#8221; _builder_version=&#8221;4.19.4&#8243; _module_preset=&#8221;default&#8221; global_colors_info=&#8221;{}&#8221; sticky_transition=&#8221;on&#8221;]<\/p>\n<p>Gracias al apoyo de NeoCompute, mi negocio despeg\u00f3 r\u00e1pidamente. La experiencia en plataformas digitales se not\u00f3 desde el d\u00eda uno y potenci\u00f3 enormemente nuestra presencia en la Web. Su equipo de trabajo proporcion\u00f3 soluciones a medida que ayudaron a plasmar la visi\u00f3n de nuestra empresa, adem\u00e1s de un soporte constante y veloz en todos los aspectos t\u00e9cnicos. Es por ello que continuamos depositando nuestra confianza en Xubium y lo recomendamos altamente a nuestros pares.   <\/p>\n<p><strong>Santiago Valdez, CEO y Fundador, La Molina Food Company<\/strong><\/p>\n<p>[\/et_pb_slide][\/et_pb_slider][\/et_pb_column][\/et_pb_row][\/et_pb_section]<\/p>\n","protected":false},"excerpt":{"rendered":"<p>WordPress administration and support service Security, backups, updates, monitoring, advanced optimizations, statistics and more.For your customersAgencies and freelancers. Offer a premium service to your entire customer base without worrying about managing a technical team or performing support tasks.For youSmall, medium and large companies, enterprises or startups. Partner with a team of WordPress specialists to fully [&hellip;]<\/p>\n","protected":false},"author":0,"featured_media":0,"parent":0,"menu_order":0,"comment_status":"closed","ping_status":"closed","template":"","meta":{"_et_pb_use_builder":"on","_et_pb_old_content":"","_et_gb_content_width":"","footnotes":""},"class_list":["post-27218","page","type-page","status-publish","hentry"],"_links":{"self":[{"href":"https:\/\/neocompute.com\/en\/wp-json\/wp\/v2\/pages\/27218","targetHints":{"allow":["GET"]}}],"collection":[{"href":"https:\/\/neocompute.com\/en\/wp-json\/wp\/v2\/pages"}],"about":[{"href":"https:\/\/neocompute.com\/en\/wp-json\/wp\/v2\/types\/page"}],"replies":[{"embeddable":true,"href":"https:\/\/neocompute.com\/en\/wp-json\/wp\/v2\/comments?post=27218"}],"version-history":[{"count":2,"href":"https:\/\/neocompute.com\/en\/wp-json\/wp\/v2\/pages\/27218\/revisions"}],"predecessor-version":[{"id":27220,"href":"https:\/\/neocompute.com\/en\/wp-json\/wp\/v2\/pages\/27218\/revisions\/27220"}],"wp:attachment":[{"href":"https:\/\/neocompute.com\/en\/wp-json\/wp\/v2\/media?parent=27218"}],"curies":[{"name":"wp","href":"https:\/\/api.w.org\/{rel}","templated":true}]}}